{"id":71942,"date":"2024-01-24T22:57:32","date_gmt":"2024-01-24T21:57:32","guid":{"rendered":"https:\/\/gifts.rtechno-labs.com\/product\/ice-globe\/"},"modified":"2024-01-30T11:55:14","modified_gmt":"2024-01-30T10:55:14","slug":"ice-globe","status":"publish","type":"product","link":"https:\/\/gifts.rtechno-labs.com\/sq\/product\/ice-globe\/","title":{"rendered":"Stuns Ice Globes"},"content":{"rendered":"<p>[et_pb_section fb_built=&#8221;1&#8243; _builder_version=&#8221;4.16&#8243; custom_padding=&#8221;0px||||false|false&#8221; global_colors_info=&#8221;{}&#8221;][et_pb_row _builder_version=&#8221;4.16&#8243; background_size=&#8221;initial&#8221; background_position=&#8221;top_left&#8221; background_repeat=&#8221;repeat&#8221; width=&#8221;100%&#8221; custom_padding=&#8221;0px||0px||false|false&#8221; global_colors_info=&#8221;{}&#8221;][et_pb_column type=&#8221;4_4&#8243; _builder_version=&#8221;4.16&#8243; custom_padding=&#8221;|||&#8221; global_colors_info=&#8221;{}&#8221; custom_padding__hover=&#8221;|||&#8221;][et_pb_wc_breadcrumb _builder_version=&#8221;4.16&#8243; global_colors_info=&#8221;{}&#8221;][\/et_pb_wc_breadcrumb][et_pb_wc_cart_notice _builder_version=&#8221;4.23.1&#8243; global_colors_info=&#8221;{}&#8221;][\/et_pb_wc_cart_notice][\/et_pb_column][\/et_pb_row][et_pb_row column_structure=&#8221;1_2,1_2&#8243; _builder_version=&#8221;4.23.1&#8243; background_size=&#8221;initial&#8221; background_position=&#8221;top_left&#8221; background_repeat=&#8221;repeat&#8221; width=&#8221;100%&#8221; custom_padding=&#8221;0px||||false|false&#8221; global_colors_info=&#8221;{}&#8221;][et_pb_column type=&#8221;1_2&#8243; _builder_version=&#8221;4.16&#8243; custom_padding=&#8221;|||&#8221; global_colors_info=&#8221;{}&#8221; custom_padding__hover=&#8221;|||&#8221;][et_pb_wc_images show_sale_badge=&#8221;off&#8221; _builder_version=&#8221;4.23.1&#8243; global_colors_info=&#8221;{}&#8221;][\/et_pb_wc_images][\/et_pb_column][et_pb_column type=&#8221;1_2&#8243; _builder_version=&#8221;4.23.1&#8243; background_color=&#8221;#FFFFFF&#8221; custom_padding=&#8221;30px|30px|30px|30px|false|false&#8221; sticky_position=&#8221;top&#8221; sticky_limit_bottom=&#8221;row&#8221; global_colors_info=&#8221;{}&#8221; custom_padding__hover=&#8221;|||&#8221;][et_pb_wc_title _builder_version=&#8221;4.16&#8243; global_colors_info=&#8221;{}&#8221;][\/et_pb_wc_title][et_pb_wc_rating _builder_version=&#8221;4.23.1&#8243; rating_text_color=&#8221;#E09900&#8243; body_text_color=&#8221;#000000&#8243; global_colors_info=&#8221;{}&#8221;][\/et_pb_wc_rating][et_pb_wc_price _builder_version=&#8221;4.23.1&#8243; body_text_color=&#8221;#000000&#8243; sale_price_text_color=&#8221;#E02B20&#8243; global_colors_info=&#8221;{}&#8221;][\/et_pb_wc_price][et_pb_wc_description _builder_version=&#8221;4.23.1&#8243; body_text_color=&#8221;#000000&#8243; global_colors_info=&#8221;{}&#8221;][\/et_pb_wc_description][et_pb_wc_add_to_cart _builder_version=&#8221;4.23.1&#8243; fields_background_color=&#8221;RGBA(255,255,255,0)&#8221; fields_text_color=&#8221;#000000&#8243; field_label_text_color=&#8221;#000000&#8243; custom_button=&#8221;on&#8221; button_text_color=&#8221;#000000&#8243; button_border_radius=&#8221;1px&#8221; custom_margin=&#8221;||30px||false|false&#8221; border_width_all_fields=&#8221;1px&#8221; border_color_all_fields=&#8221;#000000&#8243; box_shadow_style_fields=&#8221;preset1&#8243; box_shadow_color_fields=&#8221;#E09900&#8243; global_colors_info=&#8221;{}&#8221;][\/et_pb_wc_add_to_cart][et_pb_button button_url=&#8221;https:\/\/wa.me\/355686807057&#8243; button_text=&#8221;Pre-Order&#8221; _builder_version=&#8221;4.23.1&#8243; _module_preset=&#8221;default&#8221; custom_button=&#8221;on&#8221; button_text_color=&#8221;#000000&#8243; button_border_color=&#8221;#000000&#8243; button_border_radius=&#8221;0px&#8221; global_colors_info=&#8221;{}&#8221;][\/et_pb_button][\/et_pb_column][\/et_pb_row][et_pb_row _builder_version=&#8221;4.16&#8243; background_size=&#8221;initial&#8221; background_position=&#8221;top_left&#8221; background_repeat=&#8221;repeat&#8221; width=&#8221;100%&#8221; global_colors_info=&#8221;{}&#8221;][et_pb_column type=&#8221;4_4&#8243; _builder_version=&#8221;4.16&#8243; custom_padding=&#8221;|||&#8221; global_colors_info=&#8221;{}&#8221; custom_padding__hover=&#8221;|||&#8221;][et_pb_wc_tabs active_tab_background_color=&#8221;RGBA(255,255,255,0)&#8221; inactive_tab_background_color=&#8221;RGBA(255,255,255,0)&#8221; _builder_version=&#8221;4.23.1&#8243; tab_text_color=&#8221;#000000&#8243; body_text_color=&#8221;#000000&#8243; background_color=&#8221;rgba(147,147,147,0.07)&#8221; global_colors_info=&#8221;{}&#8221;] [\/et_pb_wc_tabs][et_pb_wc_upsells _builder_version=&#8221;4.16&#8243; global_colors_info=&#8221;{}&#8221;][\/et_pb_wc_upsells][et_pb_wc_related_products _builder_version=&#8221;4.16&#8243; global_colors_info=&#8221;{}&#8221;][\/et_pb_wc_related_products][\/et_pb_column][\/et_pb_row][\/et_pb_section]<\/p>\n","protected":false},"excerpt":{"rendered":"<p>Stuns Ice Globes jan\u00eb nj\u00eb produkt q\u00eb mb\u00ebshtesin krioterapin\u00eb ose terapin\u00eb me akull n\u00eb l\u00ebkur\u00eb. Jan\u00eb shum\u00eb praktik\u00eb dhe t\u00eb rip\u00ebrdorsh\u00ebm. Mjafton t&#8217;i fusni n\u00eb ngrirje 30 minuta p\u00ebrpara p\u00ebrdorimit dhe t\u00eb masazhoni fytyr\u00ebn. Q\u00eb n\u00eb p\u00ebrdorimin e par\u00eb do t\u00eb shikoni rezultate n\u00eb reduktimin e \u00ebnjtjeve, linjave t\u00eb imta dhe rrudhave, skuqjes, rrath\u00ebve t\u00eb err\u00ebt, poreve dhe akneve.<\/p>\n","protected":false},"featured_media":72378,"comment_status":"open","ping_status":"closed","template":"","meta":{"_et_pb_use_builder":"on","_et_pb_old_content":"Si t\u00eb p\u00ebrdorni Stuns Ice Globes:\r\n\r\nHapi 1 \u2013 Futini ne ngrirje Stuns Ice Globes 30 minuta p\u00ebrpara se t'i p\u00ebrdorni.\r\n\r\nHapi 2 \u2013 Pastroni l\u00ebkur\u00ebn but\u00ebsisht dhe m\u00eb pas vendosni hidratuesin tuaj t\u00eb preferuar, vajin e fytyr\u00ebs ose serumin.\r\n\r\nHapi 3 \u2013 Masazhoni but\u00ebsisht fytyr\u00ebn duke p\u00ebrdorur Stuns Ice Globes, me nj\u00eb n\u00eb secil\u00ebn dor\u00eb. Filloni nga balli deri n\u00eb qaf\u00eb, duke ndaluar p\u00ebr t'u fokusuar n\u00eb \u00e7do zon\u00eb q\u00eb ka nevoj\u00eb p\u00ebr m\u00eb shum\u00eb ndihm\u00eb.\r\n\r\nHapi 4 \u2013 Pasi t\u00eb mbaroni lajini me uj\u00eb t\u00eb ngroht\u00eb me sapun, thajini dhe vendosini p\u00ebrs\u00ebri n\u00eb frigorifer q\u00eb t'i keni gati p\u00ebr her\u00ebn tjet\u00ebr.","_et_gb_content_width":""},"product_cat":[],"product_tag":[],"class_list":{"0":"post-71942","1":"product","2":"type-product","3":"status-publish","4":"has-post-thumbnail","7":"first","8":"outofstock","9":"shipping-taxable","10":"purchasable","11":"product-type-simple"},"_links":{"self":[{"href":"https:\/\/gifts.rtechno-labs.com\/sq\/wp-json\/wp\/v2\/product\/71942","targetHints":{"allow":["GET"]}}],"collection":[{"href":"https:\/\/gifts.rtechno-labs.com\/sq\/wp-json\/wp\/v2\/product"}],"about":[{"href":"https:\/\/gifts.rtechno-labs.com\/sq\/wp-json\/wp\/v2\/types\/product"}],"replies":[{"embeddable":true,"href":"https:\/\/gifts.rtechno-labs.com\/sq\/wp-json\/wp\/v2\/comments?post=71942"}],"wp:featuredmedia":[{"embeddable":true,"href":"https:\/\/gifts.rtechno-labs.com\/sq\/wp-json\/wp\/v2\/media\/72378"}],"wp:attachment":[{"href":"https:\/\/gifts.rtechno-labs.com\/sq\/wp-json\/wp\/v2\/media?parent=71942"}],"wp:term":[{"taxonomy":"product_cat","embeddable":true,"href":"https:\/\/gifts.rtechno-labs.com\/sq\/wp-json\/wp\/v2\/product_cat?post=71942"},{"taxonomy":"product_tag","embeddable":true,"href":"https:\/\/gifts.rtechno-labs.com\/sq\/wp-json\/wp\/v2\/product_tag?post=71942"}],"curies":[{"name":"wp","href":"https:\/\/api.w.org\/{rel}","templated":true}]}}