{"id":71943,"date":"2024-01-27T22:58:28","date_gmt":"2024-01-27T21:58:28","guid":{"rendered":"https:\/\/gifts.rtechno-labs.com\/product\/ice-roller\/"},"modified":"2024-01-30T12:23:56","modified_gmt":"2024-01-30T11:23:56","slug":"ice-roller","status":"publish","type":"product","link":"https:\/\/gifts.rtechno-labs.com\/sq\/product\/ice-roller\/","title":{"rendered":"Stuns Ice Roller"},"content":{"rendered":"<p>[et_pb_section fb_built=&#8221;1&#8243; _builder_version=&#8221;4.16&#8243; custom_padding=&#8221;0px||||false|false&#8221; global_colors_info=&#8221;{}&#8221;][et_pb_row _builder_version=&#8221;4.16&#8243; background_size=&#8221;initial&#8221; background_position=&#8221;top_left&#8221; background_repeat=&#8221;repeat&#8221; width=&#8221;100%&#8221; custom_padding=&#8221;0px||0px||false|false&#8221; global_colors_info=&#8221;{}&#8221;][et_pb_column type=&#8221;4_4&#8243; _builder_version=&#8221;4.16&#8243; custom_padding=&#8221;|||&#8221; global_colors_info=&#8221;{}&#8221; custom_padding__hover=&#8221;|||&#8221;][et_pb_wc_breadcrumb _builder_version=&#8221;4.16&#8243; global_colors_info=&#8221;{}&#8221;][\/et_pb_wc_breadcrumb][et_pb_wc_cart_notice _builder_version=&#8221;4.23.1&#8243; global_colors_info=&#8221;{}&#8221;][\/et_pb_wc_cart_notice][\/et_pb_column][\/et_pb_row][et_pb_row column_structure=&#8221;1_2,1_2&#8243; _builder_version=&#8221;4.23.1&#8243; background_size=&#8221;initial&#8221; background_position=&#8221;top_left&#8221; background_repeat=&#8221;repeat&#8221; width=&#8221;100%&#8221; custom_padding=&#8221;0px||||false|false&#8221; global_colors_info=&#8221;{}&#8221;][et_pb_column type=&#8221;1_2&#8243; _builder_version=&#8221;4.16&#8243; custom_padding=&#8221;|||&#8221; global_colors_info=&#8221;{}&#8221; custom_padding__hover=&#8221;|||&#8221;][et_pb_wc_images show_sale_badge=&#8221;off&#8221; _builder_version=&#8221;4.23.1&#8243; global_colors_info=&#8221;{}&#8221;][\/et_pb_wc_images][\/et_pb_column][et_pb_column type=&#8221;1_2&#8243; _builder_version=&#8221;4.23.1&#8243; background_color=&#8221;#ffe195&#8243; custom_padding=&#8221;30px|30px|30px|30px|false|false&#8221; sticky_position=&#8221;top&#8221; sticky_limit_bottom=&#8221;row&#8221; global_colors_info=&#8221;{}&#8221; custom_padding__hover=&#8221;|||&#8221;][et_pb_wc_title _builder_version=&#8221;4.16&#8243; global_colors_info=&#8221;{}&#8221;][\/et_pb_wc_title][et_pb_wc_rating _builder_version=&#8221;4.23.1&#8243; rating_text_color=&#8221;#E09900&#8243; body_text_color=&#8221;#000000&#8243; global_colors_info=&#8221;{}&#8221;][\/et_pb_wc_rating][et_pb_wc_price _builder_version=&#8221;4.23.1&#8243; body_text_color=&#8221;#000000&#8243; sale_price_text_color=&#8221;#E02B20&#8243; global_colors_info=&#8221;{}&#8221;][\/et_pb_wc_price][et_pb_wc_description _builder_version=&#8221;4.23.1&#8243; body_text_color=&#8221;#000000&#8243; global_colors_info=&#8221;{}&#8221;][\/et_pb_wc_description][et_pb_wc_add_to_cart _builder_version=&#8221;4.23.1&#8243; fields_background_color=&#8221;RGBA(255,255,255,0)&#8221; fields_text_color=&#8221;#000000&#8243; fields_focus_background_color=&#8221;#000000&#8243; fields_focus_text_color=&#8221;#000000&#8243; field_label_text_color=&#8221;#000000&#8243; custom_button=&#8221;on&#8221; button_text_color=&#8221;#000000&#8243; button_border_radius=&#8221;1px&#8221; custom_margin=&#8221;||30px||false|false&#8221; border_width_all_fields=&#8221;1px&#8221; border_color_all_fields=&#8221;#000000&#8243; box_shadow_style_fields=&#8221;preset1&#8243; box_shadow_color_fields=&#8221;#000000&#8243; global_colors_info=&#8221;{}&#8221;][\/et_pb_wc_add_to_cart][\/et_pb_column][\/et_pb_row][et_pb_row _builder_version=&#8221;4.16&#8243; background_size=&#8221;initial&#8221; background_position=&#8221;top_left&#8221; background_repeat=&#8221;repeat&#8221; width=&#8221;100%&#8221; global_colors_info=&#8221;{}&#8221;][et_pb_column type=&#8221;4_4&#8243; _builder_version=&#8221;4.16&#8243; custom_padding=&#8221;|||&#8221; global_colors_info=&#8221;{}&#8221; custom_padding__hover=&#8221;|||&#8221;][et_pb_wc_tabs active_tab_background_color=&#8221;RGBA(255,255,255,0)&#8221; inactive_tab_background_color=&#8221;RGBA(255,255,255,0)&#8221; _builder_version=&#8221;4.23.1&#8243; tab_text_color=&#8221;#000000&#8243; body_text_color=&#8221;#000000&#8243; background_color=&#8221;rgba(147,147,147,0.07)&#8221; global_colors_info=&#8221;{}&#8221;]\t\t\t\t\t[\/et_pb_wc_tabs][et_pb_wc_upsells _builder_version=&#8221;4.16&#8243; global_colors_info=&#8221;{}&#8221;][\/et_pb_wc_upsells][et_pb_wc_related_products _builder_version=&#8221;4.16&#8243; global_colors_info=&#8221;{}&#8221;][\/et_pb_wc_related_products][\/et_pb_column][\/et_pb_row][\/et_pb_section]<\/p>\n","protected":false},"excerpt":{"rendered":"<p>Stuns Ice Roller \u00ebsht\u00eb nj\u00eb produkt q\u00eb ju ndihmon t\u00eb trajtoni l\u00ebkur\u00ebn tuaj me akull dhe p\u00ebrb\u00ebr\u00ebs t\u00eb tjer\u00eb natural\u00eb n\u00eb sht\u00ebpi. I b\u00ebr\u00eb nga silikoni, ky produkt \u00ebsht\u00eb i rip\u00ebrdorsh\u00ebm dhe shum\u00eb praktik. Mjafton ta mbushni me uj\u00eb, ta vendosni n\u00eb frigorifer p\u00ebr rreth 4 or\u00eb dhe ta aplikoni n\u00eb l\u00ebkur\u00eb. P\u00ebrdoreni n\u00eb disa intervale prej 30 sekondash, p\u00ebr rreth 10 minuta.<\/p>\n","protected":false},"featured_media":72375,"comment_status":"open","ping_status":"closed","template":"","meta":{"_et_pb_use_builder":"on","_et_pb_old_content":"Teknika me akull ose krioterapia \u00ebsht\u00eb p\u00ebrdorur shum\u00eb koh\u00eb m\u00eb p\u00ebrpara p\u00ebr t\u00eb qet\u00ebsuar muskujt dhe l\u00ebkur\u00ebn. Masazhi me akull \u00ebsht\u00eb nj\u00eb teknik\u00eb e thjesht\u00eb, por efektive p\u00ebr kujdesin e l\u00ebkur\u00ebs q\u00eb mund t\u00eb ofroj\u00eb nj\u00eb s\u00ebr\u00eb p\u00ebrfitimesh t\u00eb shpejta. \u00cbsht\u00eb e leht\u00eb p\u00ebr t'u b\u00ebr\u00eb n\u00eb sht\u00ebpi dhe mund t\u00eb p\u00ebrfshihet n\u00eb rutin\u00ebn tuaj t\u00eb rregullt t\u00eb kujdesit t\u00eb l\u00ebkur\u00ebs. Nj\u00eb Stuns Ice Roller \u00ebsht\u00eb pik\u00ebrisht ajo q\u00eb ju duhet. Masazhoni fytyr\u00ebn me l\u00ebvizje nga lart, duke filluar nga qendra e fytyr\u00ebs dhe shijoni ndjesin\u00eb e menj\u00ebhershme t\u00eb freskis\u00eb. P\u00ebrdorimi i stuns ice roller ofron shum\u00eb p\u00ebrfitime, duke p\u00ebrfshir\u00eb reduktimin e rrudhave, akneve dhe poreve, tonifikimin e l\u00ebkur\u00ebs, rritjen e qarkullimit t\u00eb gjakut, oksigjenit dhe kolagjenit.","_et_gb_content_width":""},"product_cat":[32],"product_tag":[],"class_list":{"0":"post-71943","1":"product","2":"type-product","3":"status-publish","4":"has-post-thumbnail","6":"product_cat-ice-roller-sq","8":"first","9":"instock","10":"shipping-taxable","11":"purchasable","12":"product-type-simple"},"_links":{"self":[{"href":"https:\/\/gifts.rtechno-labs.com\/sq\/wp-json\/wp\/v2\/product\/71943","targetHints":{"allow":["GET"]}}],"collection":[{"href":"https:\/\/gifts.rtechno-labs.com\/sq\/wp-json\/wp\/v2\/product"}],"about":[{"href":"https:\/\/gifts.rtechno-labs.com\/sq\/wp-json\/wp\/v2\/types\/product"}],"replies":[{"embeddable":true,"href":"https:\/\/gifts.rtechno-labs.com\/sq\/wp-json\/wp\/v2\/comments?post=71943"}],"wp:featuredmedia":[{"embeddable":true,"href":"https:\/\/gifts.rtechno-labs.com\/sq\/wp-json\/wp\/v2\/media\/72375"}],"wp:attachment":[{"href":"https:\/\/gifts.rtechno-labs.com\/sq\/wp-json\/wp\/v2\/media?parent=71943"}],"wp:term":[{"taxonomy":"product_cat","embeddable":true,"href":"https:\/\/gifts.rtechno-labs.com\/sq\/wp-json\/wp\/v2\/product_cat?post=71943"},{"taxonomy":"product_tag","embeddable":true,"href":"https:\/\/gifts.rtechno-labs.com\/sq\/wp-json\/wp\/v2\/product_tag?post=71943"}],"curies":[{"name":"wp","href":"https:\/\/api.w.org\/{rel}","templated":true}]}}